{"id":1250,"date":"2025-10-19T11:04:41","date_gmt":"2025-10-19T11:04:41","guid":{"rendered":"https:\/\/terra.sn\/?page_id=1250"},"modified":"2025-10-19T12:25:30","modified_gmt":"2025-10-19T12:25:30","slug":"a-propos","status":"publish","type":"page","link":"https:\/\/terra.sn\/index.php\/a-propos\/","title":{"rendered":"A propos"},"content":{"rendered":"\t\t<div data-elementor-type=\"wp-page\" data-elementor-id=\"1250\" class=\"elementor elementor-1250\" data-elementor-post-type=\"page\">\n\t\t\t\t<div class=\"elementor-element elementor-element-4ed297f e-flex e-con-boxed e-con e-parent\" data-id=\"4ed297f\" data-element_type=\"container\">\n\t\t\t\t\t<div class=\"e-con-inner\">\n\t\t\t\t<div class=\"elementor-element elementor-element-d474dd7 elementor-widget elementor-widget-heading\" data-id=\"d474dd7\" data-element_type=\"widget\" data-widget_type=\"heading.default\">\n\t\t\t\t\t<h2 class=\"elementor-heading-title elementor-size-default\"><h2><b>TERRA CONSULTING Environnement : Pr\u00e9sentation D\u00e9taill\u00e9e<\/b><\/h2><p><\/p><p><\/p><h3><b>1. Statut et Cadre Juridique<\/b><\/h3><p><\/p><ul><li><p><b>Cr\u00e9ation :<\/b> 2010, par un Expert S\u00e9n\u00e9galais.<\/p><\/li><li><p><b>Forme juridique :<\/b> Soci\u00e9t\u00e9 \u00e0 Responsabilit\u00e9 Limit\u00e9e (SUARL) de droit S\u00e9n\u00e9galais.<\/p><\/li><li><p><b>Capital Social :<\/b> 1 000 000 FCFA.<\/p><\/li><li><p><b>Enregistrement :<\/b> RCM sous le num\u00e9ro SN-DKR-2014-B-8466.<\/p><\/li><li><p><b>Si\u00e8ge Social :<\/b> Point E \u2013 Rue PE08, BP : 25 658 Dakar-Fann (S\u00e9n\u00e9gal).<\/p><\/li><li><p><b>Accr\u00e9ditation :<\/b> Agr\u00e9\u00e9 depuis 2015 par Arr\u00eat\u00e9 minist\u00e9riel pour l'exercice de missions d'<b>\u00c9valuation Environnementale et Sociale (EES)<\/b> au S\u00e9n\u00e9gal.<\/p><\/li><\/ul><p><\/p><h3><b>2. Activit\u00e9s et Mission<\/b><\/h3><p><\/p><ul><li><p><b>R\u00f4le :<\/b> Bureau d'\u00e9tudes et de conseils en environnement.<\/p><\/li><li><p><b>Champ d'intervention :<\/b> Toutes les \u00e9tapes du cycle de vie d'un projet, <b>de la conception \u00e0 la post-r\u00e9alisation<\/b>.<\/p><\/li><li><p><b>Objectif :<\/b> Fournir aux clients des solutions ad\u00e9quates qui respectent \u00e0 la fois leurs cahiers des charges et les exigences du <b>Code de l'environnement<\/b> s\u00e9n\u00e9galais.<\/p><\/li><li><p><b>Client\u00e8le :<\/b> Particuliers, entreprises priv\u00e9es, collectivit\u00e9s territoriales, agences et services de l'\u00c9tat, etc.<\/p><\/li><\/ul><p><\/p><h3><b>3. Ind\u00e9pendance et Affiliations Cl\u00e9s<\/b><\/h3><p><\/p><p>TERRA CONSULTING Environnement est une entreprise <b>ind\u00e9pendante<\/b> de toute entit\u00e9 industrielle ou autre entreprise.<\/p><p>Le cabinet est affili\u00e9 et partenaire des organisations professionnelles suivantes, soulignant son ancrage local et international :<\/p><ul><li><p><b>Research Alliance for Disaster &amp; Risk Reduction (RADAR).<\/b><\/p><\/li><li><p><b>Cabinet partenaire de la Hopkins Marine Station, Stanford University (USA).<\/b><\/p><\/li><li><p><b>Union des Prestataires des Industriels et des Commer\u00e7ants (UPIC) du S\u00e9n\u00e9gal.<\/b><\/p><\/li><li><p><b>Association Africaine des Professionnels de l'Environnement (AAPE).<\/b><\/p><\/li><li><p><b>Secr\u00e9tariat International Francophone pour l'Evaluation Environnementale (SIF\u00c9E).<\/b><\/p><\/li><\/ul><p><\/p><h3><b>4. Vision et Proposition de Valeur (\"Pourquoi choisir T.C.E. ?\")<\/b><\/h3><p><\/p><ul><li><p><b>Origine de la Vision :<\/b> N\u00e9e d'une exp\u00e9rience solide dans un grand Cabinet de Conseils et d'une prise de conscience de la n\u00e9cessit\u00e9 d'int\u00e9grer la gestion environnementale d\u00e8s la conception des ouvrages et infrastructures.<\/p><\/li><li><p><b>Approche Unique :<\/b> Apporter <b>\u00ab l\u2019intelligence environnementale aux m\u00e9tiers de l\u2019ing\u00e9nieur \u00bb<\/b>.<\/p><\/li><li><p><b>Contexte Pertinent :<\/b> Cette approche est essentielle face aux enjeux mondiaux du <b>d\u00e9veloppement durable<\/b>, de la <b>transition \u00e9nerg\u00e9tique et \u00e9cologique<\/b>, et de la pr\u00e9servation vitale de l'environnement.<\/p><\/li><li><p><b>Preuves de Succ\u00e8s :<\/b> Des dizaines de missions r\u00e9alis\u00e9es depuis la cr\u00e9ation, toutes sanctionn\u00e9es par l'obtention pour les clients du <b>Certificat de conformit\u00e9 environnementale<\/b>.<\/p><\/li><\/ul><p><\/p><h3><b>5. Engagement Qualit\u00e9 et \u00c9thique<\/b><\/h3><p><\/p><ul><li><p><b>Statut :<\/b> Le cabinet tient \u00e0 son statut de Consultants professionnels <b>ind\u00e9pendants<\/b>.<\/p><\/li><li><p><b>\u00c9thique :<\/b> Respect strict des r\u00e8gles d'<b>\u00e9thique et de confidentialit\u00e9<\/b> \u00e0 tous les stades des missions.<\/p><\/li><li><p><b>Ressources Humaines :<\/b> S\u00e9lection rigoureuse des experts et sp\u00e9cialistes bas\u00e9e non seulement sur leurs <b>comp\u00e9tences<\/b>, mais aussi sur des valeurs fondamentales comme la <b>discr\u00e9tion, l'int\u00e9grit\u00e9 et la probit\u00e9 morale<\/b>.<\/p><\/li><li><p><b>Service :<\/b> Garantie d'une <b>\u00e9quipe multidisciplinaire et professionnelle<\/b> \u00e0 l'\u00e9coute, et d'un <b>sch\u00e9ma de suivi rigoureux<\/b> pour assurer l'efficacit\u00e9 de l'intervention et le respect des d\u00e9lais.<\/p><\/li><\/ul><p><\/p><h3><b>6. Domaines d'Expertise D\u00e9taill\u00e9s (Services Propos\u00e9s)<\/b><\/h3><p><\/p><p>Le cabinet offre des services d'\u00c9tudes, de Conseils et de Formations, couvrant notamment :<\/p><ul><li><p>\u00c9tudes d'Impact Environnemental et Social (EIES) et \u00c9valuation Environnementale Strat\u00e9gique (EES).<\/p><\/li><li><p>Audits de Conformit\u00e9 Environnementale (ACE) et Diagnostic Environnemental Initial.<\/p><\/li><li><p>Suivi de dossiers ICPE (Installations Class\u00e9es pour la Protection de l'Environnement) jusqu'\u00e0 approbation.<\/p><\/li><li><p>Analyse du Cycle de vie (ACV) et Gestion des risques (\u00c9tudes de Dangers).<\/p><\/li><li><p>G\u00e9omatique, Sites et Sols Pollu\u00e9s, et Suivi des Cadres et Plans de Gestion Environnementale et Sociale (CGES &amp; PGES).<\/p><\/li><\/ul><p><\/p><h3><b>7. Secteurs d'Intervention D\u00e9taill\u00e9s<\/b><\/h3><p><\/p><p>Les secteurs d'application sont vastes et incluent :<\/p><ul><li><p><b>\u00c9nergie :<\/b> Parcs \u00e9oliens ou photovolta\u00efques et autres \u00c9nergies renouvelables (EnR).<\/p><\/li><li><p><b>Infrastructure et Industrie :<\/b> Dossiers ICPE (Acoustique, Air, Pollution), Transport, Immobilier.<\/p><\/li><li><p><b>Ressources Naturelles :<\/b> Foresterie et Aires prot\u00e9g\u00e9es, P\u00eache, Agriculture.<\/p><\/li><li><p><b>Am\u00e9nagement :<\/b> Am\u00e9nagement du territoire urbain et rural.<\/p><\/li><li><p><b>Assainissement :<\/b> Ouvrages d\u2019Assainissement (D\u00e9chets solides et Eaux us\u00e9es) et Stations d\u2019\u00e9puration.<\/p><\/li><li><p><b>Autres :<\/b> Tourisme.<\/p><\/li><\/ul><\/h2>\t\t\t\t<\/div>\n\t\t\t\t\t<\/div>\n\t\t\t\t<\/div>\n\t\t\t\t<\/div>\n\t\t","protected":false},"excerpt":{"rendered":"<p>TERRA CONSULTING Environnement : Pr\u00e9sentation D\u00e9taill\u00e9e 1. Statut et Cadre Juridique Cr\u00e9ation :&hellip;<\/p>\n","protected":false},"author":1,"featured_media":0,"parent":0,"menu_order":0,"comment_status":"closed","ping_status":"closed","template":"","meta":{"footnotes":""},"class_list":["post-1250","page","type-page","status-publish","hentry"],"_links":{"self":[{"href":"https:\/\/terra.sn\/index.php\/wp-json\/wp\/v2\/pages\/1250","targetHints":{"allow":["GET"]}}],"collection":[{"href":"https:\/\/terra.sn\/index.php\/wp-json\/wp\/v2\/pages"}],"about":[{"href":"https:\/\/terra.sn\/index.php\/wp-json\/wp\/v2\/types\/page"}],"author":[{"embeddable":true,"href":"https:\/\/terra.sn\/index.php\/wp-json\/wp\/v2\/users\/1"}],"replies":[{"embeddable":true,"href":"https:\/\/terra.sn\/index.php\/wp-json\/wp\/v2\/comments?post=1250"}],"version-history":[{"count":4,"href":"https:\/\/terra.sn\/index.php\/wp-json\/wp\/v2\/pages\/1250\/revisions"}],"predecessor-version":[{"id":1325,"href":"https:\/\/terra.sn\/index.php\/wp-json\/wp\/v2\/pages\/1250\/revisions\/1325"}],"wp:attachment":[{"href":"https:\/\/terra.sn\/index.php\/wp-json\/wp\/v2\/media?parent=1250"}],"curies":[{"name":"wp","href":"https:\/\/api.w.org\/{rel}","templated":true}]}}